{"id":363,"date":"2024-05-28T10:23:26","date_gmt":"2024-05-28T08:23:26","guid":{"rendered":"https:\/\/www.pravilomobilo.com\/o-pravilo-mobilo\/"},"modified":"2025-06-12T09:13:33","modified_gmt":"2025-06-12T07:13:33","slug":"about-pravilo-mobilo","status":"publish","type":"page","link":"https:\/\/www.pravilomobilo.com\/en\/about-pravilo-mobilo\/","title":{"rendered":"About Pravilo Mobilo"},"content":{"rendered":"","protected":false},"excerpt":{"rendered":"","protected":false},"author":2,"featured_media":303,"parent":0,"menu_order":0,"comment_status":"closed","ping_status":"closed","template":"","meta":{"inline_featured_image":false,"footnotes":""},"class_list":["post-363","page","type-page","status-publish","has-post-thumbnail","hentry"],"yoast_head":"<!-- This site is optimized with the Yoast SEO plugin v27.5 - https:\/\/yoast.com\/product\/yoast-seo-wordpress\/ -->\n<title>About Pravilo Mobilo<\/title>\n<meta name=\"description\" content=\"PRAVILO MOBILO is an exercise tool for everyone, from fitness centers, to masseurs and physiotherapists, to active people. Tech. details and price\" \/>\n<meta name=\"robots\" content=\"index, follow, max-snippet:-1, max-image-preview:large, max-video-preview:-1\" \/>\n<link rel=\"canonical\" href=\"https:\/\/www.pravilomobilo.com\/en\/about-pravilo-mobilo\/\" \/>\n<meta property=\"og:locale\" content=\"en_US\" \/>\n<meta property=\"og:type\" content=\"article\" \/>\n<meta property=\"og:title\" content=\"About Pravilo Mobilo\" \/>\n<meta property=\"og:description\" content=\"PRAVILO MOBILO is an exercise tool for everyone, from fitness centers, to masseurs and physiotherapists, to active people. Tech. details and price\" \/>\n<meta property=\"og:url\" content=\"https:\/\/www.pravilomobilo.com\/en\/about-pravilo-mobilo\/\" \/>\n<meta property=\"og:site_name\" content=\"PRAVILO MOBILO\" \/>\n<meta property=\"article:modified_time\" content=\"2025-06-12T07:13:33+00:00\" \/>\n<meta property=\"og:image\" content=\"https:\/\/www.pravilomobilo.com\/wp-content\/uploads\/2024\/08\/pravilo-mobilo-cvicenie-v-parku2.jpg\" \/>\n\t<meta property=\"og:image:width\" content=\"1300\" \/>\n\t<meta property=\"og:image:height\" content=\"865\" \/>\n\t<meta property=\"og:image:type\" content=\"image\/jpeg\" \/>\n<meta name=\"twitter:card\" content=\"summary_large_image\" \/>\n<meta name=\"twitter:label1\" content=\"Est. reading time\" \/>\n\t<meta name=\"twitter:data1\" content=\"7 minutes\" \/>\n<script type=\"application\/ld+json\" class=\"yoast-schema-graph\">{\"@context\":\"https:\\\/\\\/schema.org\",\"@graph\":[{\"@type\":\"WebPage\",\"@id\":\"https:\\\/\\\/www.pravilomobilo.com\\\/en\\\/about-pravilo-mobilo\\\/\",\"url\":\"https:\\\/\\\/www.pravilomobilo.com\\\/en\\\/about-pravilo-mobilo\\\/\",\"name\":\"About Pravilo Mobilo\",\"isPartOf\":{\"@id\":\"https:\\\/\\\/www.pravilomobilo.com\\\/en\\\/#website\"},\"primaryImageOfPage\":{\"@id\":\"https:\\\/\\\/www.pravilomobilo.com\\\/en\\\/about-pravilo-mobilo\\\/#primaryimage\"},\"image\":{\"@id\":\"https:\\\/\\\/www.pravilomobilo.com\\\/en\\\/about-pravilo-mobilo\\\/#primaryimage\"},\"thumbnailUrl\":\"https:\\\/\\\/www.pravilomobilo.com\\\/wp-content\\\/uploads\\\/2024\\\/08\\\/pravilo-mobilo-cvicenie-v-parku2.jpg\",\"datePublished\":\"2024-05-28T08:23:26+00:00\",\"dateModified\":\"2025-06-12T07:13:33+00:00\",\"description\":\"PRAVILO MOBILO is an exercise tool for everyone, from fitness centers, to masseurs and physiotherapists, to active people. Tech. details and price\",\"breadcrumb\":{\"@id\":\"https:\\\/\\\/www.pravilomobilo.com\\\/en\\\/about-pravilo-mobilo\\\/#breadcrumb\"},\"inLanguage\":\"en-US\",\"potentialAction\":[{\"@type\":\"ReadAction\",\"target\":[\"https:\\\/\\\/www.pravilomobilo.com\\\/en\\\/about-pravilo-mobilo\\\/\"]}]},{\"@type\":\"ImageObject\",\"inLanguage\":\"en-US\",\"@id\":\"https:\\\/\\\/www.pravilomobilo.com\\\/en\\\/about-pravilo-mobilo\\\/#primaryimage\",\"url\":\"https:\\\/\\\/www.pravilomobilo.com\\\/wp-content\\\/uploads\\\/2024\\\/08\\\/pravilo-mobilo-cvicenie-v-parku2.jpg\",\"contentUrl\":\"https:\\\/\\\/www.pravilomobilo.com\\\/wp-content\\\/uploads\\\/2024\\\/08\\\/pravilo-mobilo-cvicenie-v-parku2.jpg\",\"width\":1300,\"height\":865,\"caption\":\"A young woman exercises on the pravilo with the use of swivels and with assistance\"},{\"@type\":\"BreadcrumbList\",\"@id\":\"https:\\\/\\\/www.pravilomobilo.com\\\/en\\\/about-pravilo-mobilo\\\/#breadcrumb\",\"itemListElement\":[{\"@type\":\"ListItem\",\"position\":1,\"name\":\"Domovsk\u00e1 str\u00e1nka\",\"item\":\"https:\\\/\\\/www.pravilomobilo.com\\\/en\\\/\"},{\"@type\":\"ListItem\",\"position\":2,\"name\":\"About Pravilo Mobilo\"}]},{\"@type\":\"WebSite\",\"@id\":\"https:\\\/\\\/www.pravilomobilo.com\\\/en\\\/#website\",\"url\":\"https:\\\/\\\/www.pravilomobilo.com\\\/en\\\/\",\"name\":\"PRAVILO MOBILO\",\"description\":\"Cvi\u010denie, ktor\u00e9 v\u00e1s bude bavi\u0165\",\"publisher\":{\"@id\":\"https:\\\/\\\/www.pravilomobilo.com\\\/en\\\/#organization\"},\"potentialAction\":[{\"@type\":\"SearchAction\",\"target\":{\"@type\":\"EntryPoint\",\"urlTemplate\":\"https:\\\/\\\/www.pravilomobilo.com\\\/en\\\/?s={search_term_string}\"},\"query-input\":{\"@type\":\"PropertyValueSpecification\",\"valueRequired\":true,\"valueName\":\"search_term_string\"}}],\"inLanguage\":\"en-US\"},{\"@type\":\"Organization\",\"@id\":\"https:\\\/\\\/www.pravilomobilo.com\\\/en\\\/#organization\",\"name\":\"PRAVILO MOBILO\",\"url\":\"https:\\\/\\\/www.pravilomobilo.com\\\/en\\\/\",\"logo\":{\"@type\":\"ImageObject\",\"inLanguage\":\"en-US\",\"@id\":\"https:\\\/\\\/www.pravilomobilo.com\\\/en\\\/#\\\/schema\\\/logo\\\/image\\\/\",\"url\":\"https:\\\/\\\/www.pravilomobilo.com\\\/wp-content\\\/uploads\\\/2024\\\/08\\\/pravilo-logo-dark-version.png\",\"contentUrl\":\"https:\\\/\\\/www.pravilomobilo.com\\\/wp-content\\\/uploads\\\/2024\\\/08\\\/pravilo-logo-dark-version.png\",\"width\":500,\"height\":186,\"caption\":\"PRAVILO MOBILO\"},\"image\":{\"@id\":\"https:\\\/\\\/www.pravilomobilo.com\\\/en\\\/#\\\/schema\\\/logo\\\/image\\\/\"}}]}<\/script>\n<!-- \/ Yoast SEO plugin. -->","yoast_head_json":{"title":"About Pravilo Mobilo","description":"PRAVILO MOBILO is an exercise tool for everyone, from fitness centers, to masseurs and physiotherapists, to active people. Tech. details and price","robots":{"index":"index","follow":"follow","max-snippet":"max-snippet:-1","max-image-preview":"max-image-preview:large","max-video-preview":"max-video-preview:-1"},"canonical":"https:\/\/www.pravilomobilo.com\/en\/about-pravilo-mobilo\/","og_locale":"en_US","og_type":"article","og_title":"About Pravilo Mobilo","og_description":"PRAVILO MOBILO is an exercise tool for everyone, from fitness centers, to masseurs and physiotherapists, to active people. Tech. details and price","og_url":"https:\/\/www.pravilomobilo.com\/en\/about-pravilo-mobilo\/","og_site_name":"PRAVILO MOBILO","article_modified_time":"2025-06-12T07:13:33+00:00","og_image":[{"width":1300,"height":865,"url":"https:\/\/www.pravilomobilo.com\/wp-content\/uploads\/2024\/08\/pravilo-mobilo-cvicenie-v-parku2.jpg","type":"image\/jpeg"}],"twitter_card":"summary_large_image","twitter_misc":{"Est. reading time":"7 minutes"},"schema":{"@context":"https:\/\/schema.org","@graph":[{"@type":"WebPage","@id":"https:\/\/www.pravilomobilo.com\/en\/about-pravilo-mobilo\/","url":"https:\/\/www.pravilomobilo.com\/en\/about-pravilo-mobilo\/","name":"About Pravilo Mobilo","isPartOf":{"@id":"https:\/\/www.pravilomobilo.com\/en\/#website"},"primaryImageOfPage":{"@id":"https:\/\/www.pravilomobilo.com\/en\/about-pravilo-mobilo\/#primaryimage"},"image":{"@id":"https:\/\/www.pravilomobilo.com\/en\/about-pravilo-mobilo\/#primaryimage"},"thumbnailUrl":"https:\/\/www.pravilomobilo.com\/wp-content\/uploads\/2024\/08\/pravilo-mobilo-cvicenie-v-parku2.jpg","datePublished":"2024-05-28T08:23:26+00:00","dateModified":"2025-06-12T07:13:33+00:00","description":"PRAVILO MOBILO is an exercise tool for everyone, from fitness centers, to masseurs and physiotherapists, to active people. Tech. details and price","breadcrumb":{"@id":"https:\/\/www.pravilomobilo.com\/en\/about-pravilo-mobilo\/#breadcrumb"},"inLanguage":"en-US","potentialAction":[{"@type":"ReadAction","target":["https:\/\/www.pravilomobilo.com\/en\/about-pravilo-mobilo\/"]}]},{"@type":"ImageObject","inLanguage":"en-US","@id":"https:\/\/www.pravilomobilo.com\/en\/about-pravilo-mobilo\/#primaryimage","url":"https:\/\/www.pravilomobilo.com\/wp-content\/uploads\/2024\/08\/pravilo-mobilo-cvicenie-v-parku2.jpg","contentUrl":"https:\/\/www.pravilomobilo.com\/wp-content\/uploads\/2024\/08\/pravilo-mobilo-cvicenie-v-parku2.jpg","width":1300,"height":865,"caption":"A young woman exercises on the pravilo with the use of swivels and with assistance"},{"@type":"BreadcrumbList","@id":"https:\/\/www.pravilomobilo.com\/en\/about-pravilo-mobilo\/#breadcrumb","itemListElement":[{"@type":"ListItem","position":1,"name":"Domovsk\u00e1 str\u00e1nka","item":"https:\/\/www.pravilomobilo.com\/en\/"},{"@type":"ListItem","position":2,"name":"About Pravilo Mobilo"}]},{"@type":"WebSite","@id":"https:\/\/www.pravilomobilo.com\/en\/#website","url":"https:\/\/www.pravilomobilo.com\/en\/","name":"PRAVILO MOBILO","description":"Cvi\u010denie, ktor\u00e9 v\u00e1s bude bavi\u0165","publisher":{"@id":"https:\/\/www.pravilomobilo.com\/en\/#organization"},"potentialAction":[{"@type":"SearchAction","target":{"@type":"EntryPoint","urlTemplate":"https:\/\/www.pravilomobilo.com\/en\/?s={search_term_string}"},"query-input":{"@type":"PropertyValueSpecification","valueRequired":true,"valueName":"search_term_string"}}],"inLanguage":"en-US"},{"@type":"Organization","@id":"https:\/\/www.pravilomobilo.com\/en\/#organization","name":"PRAVILO MOBILO","url":"https:\/\/www.pravilomobilo.com\/en\/","logo":{"@type":"ImageObject","inLanguage":"en-US","@id":"https:\/\/www.pravilomobilo.com\/en\/#\/schema\/logo\/image\/","url":"https:\/\/www.pravilomobilo.com\/wp-content\/uploads\/2024\/08\/pravilo-logo-dark-version.png","contentUrl":"https:\/\/www.pravilomobilo.com\/wp-content\/uploads\/2024\/08\/pravilo-logo-dark-version.png","width":500,"height":186,"caption":"PRAVILO MOBILO"},"image":{"@id":"https:\/\/www.pravilomobilo.com\/en\/#\/schema\/logo\/image\/"}}]}},"_links":{"self":[{"href":"https:\/\/www.pravilomobilo.com\/en\/wp-json\/wp\/v2\/pages\/363","targetHints":{"allow":["GET"]}}],"collection":[{"href":"https:\/\/www.pravilomobilo.com\/en\/wp-json\/wp\/v2\/pages"}],"about":[{"href":"https:\/\/www.pravilomobilo.com\/en\/wp-json\/wp\/v2\/types\/page"}],"author":[{"embeddable":true,"href":"https:\/\/www.pravilomobilo.com\/en\/wp-json\/wp\/v2\/users\/2"}],"replies":[{"embeddable":true,"href":"https:\/\/www.pravilomobilo.com\/en\/wp-json\/wp\/v2\/comments?post=363"}],"version-history":[{"count":1,"href":"https:\/\/www.pravilomobilo.com\/en\/wp-json\/wp\/v2\/pages\/363\/revisions"}],"predecessor-version":[{"id":364,"href":"https:\/\/www.pravilomobilo.com\/en\/wp-json\/wp\/v2\/pages\/363\/revisions\/364"}],"wp:featuredmedia":[{"embeddable":true,"href":"https:\/\/www.pravilomobilo.com\/en\/wp-json\/wp\/v2\/media\/303"}],"wp:attachment":[{"href":"https:\/\/www.pravilomobilo.com\/en\/wp-json\/wp\/v2\/media?parent=363"}],"curies":[{"name":"wp","href":"https:\/\/api.w.org\/{rel}","templated":true}]}}